{"id":31,"date":"2024-02-18T08:16:23","date_gmt":"2024-02-18T07:16:23","guid":{"rendered":"https:\/\/www.mikros.sk\/?page_id=31"},"modified":"2024-03-10T11:53:31","modified_gmt":"2024-03-10T10:53:31","slug":"o-spolocnosti-mikros-trade","status":"publish","type":"page","link":"https:\/\/www.mikros.sk\/?page_id=31","title":{"rendered":"O spolo\u010dnosti"},"content":{"rendered":"\n\n\t<blockquote><p>Ve\u013ekoobchod\u00a0MIKROS\u00a0je dlhoro\u010dne spo\u013eahliv\u00fdm dod\u00e1vate\u013eom tabakov\u00fdch v\u00fdrobkov, alkoholu a nealkoholick\u00fdch n\u00e1pojov. Na\u0161a firma m\u00e1 bohat\u00fa hist\u00f3riu. Na trhu p\u00f4sob\u00edme od roku 1996. Za\u010d\u00ednali sme \u017eivnostensk\u00fdm opr\u00e1vnen\u00edm JUDr. Jaroslav Miklo\u0161ko-MIKROS. S dlhoro\u010dn\u00fdmi sk\u00fasenos\u0165ami sme si vytvorili pevn\u00e9 miesto v odvetv\u00ed ve\u013ekoobchodu a stali sme sa spo\u013eahliv\u00fdm partnerom pre mnoho prev\u00e1dzok a\u00a0od 1.9.2023 p\u00f4sob\u00edme ako MIKROS trade, s. r. o.<\/p><\/blockquote>\n\n","protected":false},"excerpt":{"rendered":"<p>Ve\u013ekoobchod\u00a0MIKROS\u00a0je dlhoro\u010dne spo\u013eahliv\u00fdm dod\u00e1vate\u013eom tabakov\u00fdch v\u00fdrobkov, alkoholu a nealkoholick\u00fdch n\u00e1pojov. Na\u0161a firma m\u00e1 bohat\u00fa hist\u00f3riu. Na trhu p\u00f4sob\u00edme od roku 1996. Za\u010d\u00ednali sme \u017eivnostensk\u00fdm opr\u00e1vnen\u00edm JUDr. Jaroslav Miklo\u0161ko-MIKROS. S&#8230;<\/p>\n","protected":false},"author":1,"featured_media":0,"parent":0,"menu_order":0,"comment_status":"closed","ping_status":"closed","template":"page-full-width","meta":{"_monsterinsights_skip_tracking":false,"_monsterinsights_sitenote_active":false,"_monsterinsights_sitenote_note":"","_monsterinsights_sitenote_category":0,"footnotes":""},"yoast_head":"<!-- This site is optimized with the Yoast SEO plugin v22.0 - https:\/\/yoast.com\/wordpress\/plugins\/seo\/ -->\n<title>O spolo\u010dnosti - MIKROS TRADE s.r.o.<\/title>\n<meta name=\"description\" content=\"kontakt, Mikros Trade, Mikros, ve\u013ekoobchod, maloobchod, tabak, alkohol, cigarety, nealko, v\u00edno, tvrd\u00e9, svadba, akcia, potraviny, oslava\" \/>\n<meta name=\"robots\" content=\"index, follow, max-snippet:-1, max-image-preview:large, max-video-preview:-1\" \/>\n<link rel=\"canonical\" href=\"https:\/\/www.mikros.sk\/?page_id=31\" \/>\n<meta property=\"og:locale\" content=\"sk_SK\" \/>\n<meta property=\"og:type\" content=\"article\" \/>\n<meta property=\"og:title\" content=\"O spolo\u010dnosti - MIKROS TRADE s.r.o.\" \/>\n<meta property=\"og:description\" content=\"kontakt, Mikros Trade, Mikros, ve\u013ekoobchod, maloobchod, tabak, alkohol, cigarety, nealko, v\u00edno, tvrd\u00e9, svadba, akcia, potraviny, oslava\" \/>\n<meta property=\"og:url\" content=\"https:\/\/www.mikros.sk\/?page_id=31\" \/>\n<meta property=\"og:site_name\" content=\"MIKROS TRADE s.r.o.\" \/>\n<meta property=\"article:modified_time\" content=\"2024-03-10T10:53:31+00:00\" \/>\n<meta name=\"twitter:card\" content=\"summary_large_image\" \/>\n<script type=\"application\/ld+json\" class=\"yoast-schema-graph\">{\"@context\":\"https:\/\/schema.org\",\"@graph\":[{\"@type\":\"WebPage\",\"@id\":\"https:\/\/www.mikros.sk\/?page_id=31\",\"url\":\"https:\/\/www.mikros.sk\/?page_id=31\",\"name\":\"O spolo\u010dnosti - MIKROS TRADE s.r.o.\",\"isPartOf\":{\"@id\":\"https:\/\/www.mikros.sk\/#website\"},\"datePublished\":\"2024-02-18T07:16:23+00:00\",\"dateModified\":\"2024-03-10T10:53:31+00:00\",\"description\":\"kontakt, Mikros Trade, Mikros, ve\u013ekoobchod, maloobchod, tabak, alkohol, cigarety, nealko, v\u00edno, tvrd\u00e9, svadba, akcia, potraviny, oslava\",\"breadcrumb\":{\"@id\":\"https:\/\/www.mikros.sk\/?page_id=31#breadcrumb\"},\"inLanguage\":\"sk-SK\",\"potentialAction\":[{\"@type\":\"ReadAction\",\"target\":[\"https:\/\/www.mikros.sk\/?page_id=31\"]}]},{\"@type\":\"BreadcrumbList\",\"@id\":\"https:\/\/www.mikros.sk\/?page_id=31#breadcrumb\",\"itemListElement\":[{\"@type\":\"ListItem\",\"position\":1,\"name\":\"Home\",\"item\":\"https:\/\/www.mikros.sk\/\"},{\"@type\":\"ListItem\",\"position\":2,\"name\":\"O spolo\u010dnosti\"}]},{\"@type\":\"WebSite\",\"@id\":\"https:\/\/www.mikros.sk\/#website\",\"url\":\"https:\/\/www.mikros.sk\/\",\"name\":\"MIKROS TRADE s.r.o.\",\"description\":\"\",\"publisher\":{\"@id\":\"https:\/\/www.mikros.sk\/#organization\"},\"potentialAction\":[{\"@type\":\"SearchAction\",\"target\":{\"@type\":\"EntryPoint\",\"urlTemplate\":\"https:\/\/www.mikros.sk\/?s={search_term_string}\"},\"query-input\":\"required name=search_term_string\"}],\"inLanguage\":\"sk-SK\"},{\"@type\":\"Organization\",\"@id\":\"https:\/\/www.mikros.sk\/#organization\",\"name\":\"MIKROS TRADE s.r.o.\",\"url\":\"https:\/\/www.mikros.sk\/\",\"logo\":{\"@type\":\"ImageObject\",\"inLanguage\":\"sk-SK\",\"@id\":\"https:\/\/www.mikros.sk\/#\/schema\/logo\/image\/\",\"url\":\"https:\/\/www.mikros.sk\/wp-content\/uploads\/2024\/02\/cropped-mikros_trade_logo.png\",\"contentUrl\":\"https:\/\/www.mikros.sk\/wp-content\/uploads\/2024\/02\/cropped-mikros_trade_logo.png\",\"width\":711,\"height\":135,\"caption\":\"MIKROS TRADE s.r.o.\"},\"image\":{\"@id\":\"https:\/\/www.mikros.sk\/#\/schema\/logo\/image\/\"}}]}<\/script>\n<!-- \/ Yoast SEO plugin. -->","yoast_head_json":{"title":"O spolo\u010dnosti - MIKROS TRADE s.r.o.","description":"kontakt, Mikros Trade, Mikros, ve\u013ekoobchod, maloobchod, tabak, alkohol, cigarety, nealko, v\u00edno, tvrd\u00e9, svadba, akcia, potraviny, oslava","robots":{"index":"index","follow":"follow","max-snippet":"max-snippet:-1","max-image-preview":"max-image-preview:large","max-video-preview":"max-video-preview:-1"},"canonical":"https:\/\/www.mikros.sk\/?page_id=31","og_locale":"sk_SK","og_type":"article","og_title":"O spolo\u010dnosti - MIKROS TRADE s.r.o.","og_description":"kontakt, Mikros Trade, Mikros, ve\u013ekoobchod, maloobchod, tabak, alkohol, cigarety, nealko, v\u00edno, tvrd\u00e9, svadba, akcia, potraviny, oslava","og_url":"https:\/\/www.mikros.sk\/?page_id=31","og_site_name":"MIKROS TRADE s.r.o.","article_modified_time":"2024-03-10T10:53:31+00:00","twitter_card":"summary_large_image","schema":{"@context":"https:\/\/schema.org","@graph":[{"@type":"WebPage","@id":"https:\/\/www.mikros.sk\/?page_id=31","url":"https:\/\/www.mikros.sk\/?page_id=31","name":"O spolo\u010dnosti - MIKROS TRADE s.r.o.","isPartOf":{"@id":"https:\/\/www.mikros.sk\/#website"},"datePublished":"2024-02-18T07:16:23+00:00","dateModified":"2024-03-10T10:53:31+00:00","description":"kontakt, Mikros Trade, Mikros, ve\u013ekoobchod, maloobchod, tabak, alkohol, cigarety, nealko, v\u00edno, tvrd\u00e9, svadba, akcia, potraviny, oslava","breadcrumb":{"@id":"https:\/\/www.mikros.sk\/?page_id=31#breadcrumb"},"inLanguage":"sk-SK","potentialAction":[{"@type":"ReadAction","target":["https:\/\/www.mikros.sk\/?page_id=31"]}]},{"@type":"BreadcrumbList","@id":"https:\/\/www.mikros.sk\/?page_id=31#breadcrumb","itemListElement":[{"@type":"ListItem","position":1,"name":"Home","item":"https:\/\/www.mikros.sk\/"},{"@type":"ListItem","position":2,"name":"O spolo\u010dnosti"}]},{"@type":"WebSite","@id":"https:\/\/www.mikros.sk\/#website","url":"https:\/\/www.mikros.sk\/","name":"MIKROS TRADE s.r.o.","description":"","publisher":{"@id":"https:\/\/www.mikros.sk\/#organization"},"potentialAction":[{"@type":"SearchAction","target":{"@type":"EntryPoint","urlTemplate":"https:\/\/www.mikros.sk\/?s={search_term_string}"},"query-input":"required name=search_term_string"}],"inLanguage":"sk-SK"},{"@type":"Organization","@id":"https:\/\/www.mikros.sk\/#organization","name":"MIKROS TRADE s.r.o.","url":"https:\/\/www.mikros.sk\/","logo":{"@type":"ImageObject","inLanguage":"sk-SK","@id":"https:\/\/www.mikros.sk\/#\/schema\/logo\/image\/","url":"https:\/\/www.mikros.sk\/wp-content\/uploads\/2024\/02\/cropped-mikros_trade_logo.png","contentUrl":"https:\/\/www.mikros.sk\/wp-content\/uploads\/2024\/02\/cropped-mikros_trade_logo.png","width":711,"height":135,"caption":"MIKROS TRADE s.r.o."},"image":{"@id":"https:\/\/www.mikros.sk\/#\/schema\/logo\/image\/"}}]}},"_links":{"self":[{"href":"https:\/\/www.mikros.sk\/index.php?rest_route=\/wp\/v2\/pages\/31"}],"collection":[{"href":"https:\/\/www.mikros.sk\/index.php?rest_route=\/wp\/v2\/pages"}],"about":[{"href":"https:\/\/www.mikros.sk\/index.php?rest_route=\/wp\/v2\/types\/page"}],"author":[{"embeddable":true,"href":"https:\/\/www.mikros.sk\/index.php?rest_route=\/wp\/v2\/users\/1"}],"replies":[{"embeddable":true,"href":"https:\/\/www.mikros.sk\/index.php?rest_route=%2Fwp%2Fv2%2Fcomments&post=31"}],"version-history":[{"count":2,"href":"https:\/\/www.mikros.sk\/index.php?rest_route=\/wp\/v2\/pages\/31\/revisions"}],"predecessor-version":[{"id":106,"href":"https:\/\/www.mikros.sk\/index.php?rest_route=\/wp\/v2\/pages\/31\/revisions\/106"}],"wp:attachment":[{"href":"https:\/\/www.mikros.sk\/index.php?rest_route=%2Fwp%2Fv2%2Fmedia&parent=31"}],"curies":[{"name":"wp","href":"https:\/\/api.w.org\/{rel}","templated":true}]}}