{"id":2,"date":"2024-02-17T16:08:28","date_gmt":"2024-02-17T15:08:28","guid":{"rendered":"https:\/\/www.mikros.sk\/?page_id=2"},"modified":"2024-03-11T19:41:27","modified_gmt":"2024-03-11T18:41:27","slug":"ukazkova-stranka","status":"publish","type":"page","link":"https:\/\/www.mikros.sk\/","title":{"rendered":"V\u00edtajte na str\u00e1nke ve\u013ekoobchodu s alko a nealko n\u00e1pojmi, tabakom a cigaretami MIKROS Trade s.r.o."},"content":{"rendered":"\n\n\t<p>Radi uv\u00edtame v\u0161etk\u00fdch z\u00e1kazn\u00edkov z\u00a0odvetvia zaoberaj\u00facich sa predajom tovarov, ako aj koncov\u00fdch spotrebite\u013eov.<\/p>\n<p>Ak pl\u00e1nujete svadbu, oslavu alebo ve\u013ek\u00fa z\u00e1bavu, poskytujeme slu\u017ebu \u201e\u010do neminiete vr\u00e1tite&#8220; predaj na komis bez zbyto\u010dn\u00fdch v\u00fddavkov, stresu a\u00a0rizika ch\u00fdbaj\u00faceho tovaru.<\/p>\n<p><a href=\"https:\/\/www.mikros.sk\/?page_id=35\">Na adrese Sl\u00e1dkovi\u010dova 25B<\/a> v\u00a0Banskej Bystrici sa nach\u00e1dza aj maloobchodn\u00e1 predaj\u0148a, kde pon\u00fakame n\u00e1kup tovarov za v\u00fdborn\u00e9 ceny.<\/p>\n <div id=\"marqueediv\" >                                                   \r\n    <div id=\"mycarouse97\">\r\n <img src='https:\/\/www.mikros.sk\/wp-content\/uploads\/2024\/02\/piktogram_alko.png'class='scrollimg' style='height:60px; margin-left:40px; '\/><img src='https:\/\/www.mikros.sk\/wp-content\/uploads\/2024\/02\/piktogram_nealko.png'class='scrollimg' style='height:60px; margin-left:40px; '\/><img src='https:\/\/www.mikros.sk\/wp-content\/uploads\/2024\/02\/piktogram_tabak.png'class='scrollimg' style='height:60px; margin-left:40px; '\/><img src='https:\/\/www.mikros.sk\/wp-content\/uploads\/2024\/02\/piktogram_cigarety.png'class='scrollimg' style='height:60px; margin-left:40px; '\/><img src='https:\/\/www.mikros.sk\/wp-content\/uploads\/2024\/02\/piktogram_alko.png'class='scrollimg' style='height:60px; margin-left:40px; '\/><img src='https:\/\/www.mikros.sk\/wp-content\/uploads\/2024\/02\/piktogram_nealko.png'class='scrollimg' style='height:60px; margin-left:40px; '\/><img src='https:\/\/www.mikros.sk\/wp-content\/uploads\/2024\/02\/piktogram_tabak.png'class='scrollimg' style='height:60px; margin-left:40px; '\/><img src='https:\/\/www.mikros.sk\/wp-content\/uploads\/2024\/02\/piktogram_cigarety.png'class='scrollimg' style='height:60px; margin-left:40px; '\/><img src='https:\/\/www.mikros.sk\/wp-content\/uploads\/2024\/02\/piktogram_alko.png'class='scrollimg' style='height:60px; margin-left:40px; '\/><img src='https:\/\/www.mikros.sk\/wp-content\/uploads\/2024\/02\/piktogram_nealko.png'class='scrollimg' style='height:60px; margin-left:40px; '\/><img src='https:\/\/www.mikros.sk\/wp-content\/uploads\/2024\/02\/piktogram_tabak.png'class='scrollimg' style='height:60px; margin-left:40px; '\/><img src='https:\/\/www.mikros.sk\/wp-content\/uploads\/2024\/02\/piktogram_cigarety.png'class='scrollimg' style='height:60px; margin-left:40px; '\/><\/div><\/div>\r\n\t\t<script>\r\n              marqueeInit({\r\n                    uniqueid: 'mycarouse97',\r\n                    style: {\t\t\t\t\t\t\r\n                    },\r\n\t\t\t\t\tmoveatleast:1,\t\t\t\t\t\r\n                    mouse:'cursor driven',\r\n                    savedirection: true,\t\t\t\t\t\r\n\t\t\t\t\tinc:1,\t\t\t\t\t\r\n                    neutral: 150,\r\n                    random: true\r\n                });\r\n\r\n        <\/script>\r\n\n<p>Sme si vedom\u00ed, \u017ee spo\u013eahliv\u00fd dovoz a\u00a0\u00fastretov\u00fd pr\u00edstup je k\u013e\u00fa\u010dov\u00fdm faktorom pre spokojnos\u0165 na\u0161ich z\u00e1kazn\u00edkov.<\/p>\n\n","protected":false},"excerpt":{"rendered":"<p>Radi uv\u00edtame v\u0161etk\u00fdch z\u00e1kazn\u00edkov z\u00a0odvetvia zaoberaj\u00facich sa predajom tovarov, ako aj koncov\u00fdch spotrebite\u013eov. Ak pl\u00e1nujete svadbu, oslavu alebo ve\u013ek\u00fa z\u00e1bavu, poskytujeme slu\u017ebu \u201e\u010do neminiete vr\u00e1tite&#8220; predaj na komis bez&#8230;<\/p>\n","protected":false},"author":1,"featured_media":0,"parent":0,"menu_order":0,"comment_status":"closed","ping_status":"open","template":"","meta":{"_monsterinsights_skip_tracking":false,"_monsterinsights_sitenote_active":false,"_monsterinsights_sitenote_note":"","_monsterinsights_sitenote_category":0,"footnotes":""},"yoast_head":"<!-- This site is optimized with the Yoast SEO plugin v22.0 - https:\/\/yoast.com\/wordpress\/plugins\/seo\/ -->\n<title>V\u00edtajte na str\u00e1nke ve\u013ekoobchodu s alko a nealko n\u00e1pojmi, tabakom a cigaretami MIKROS Trade s.r.o. - MIKROS TRADE s.r.o.<\/title>\n<meta name=\"robots\" content=\"index, follow, max-snippet:-1, max-image-preview:large, max-video-preview:-1\" \/>\n<link rel=\"canonical\" href=\"https:\/\/www.mikros.sk\/\" \/>\n<meta property=\"og:locale\" content=\"sk_SK\" \/>\n<meta property=\"og:type\" content=\"article\" \/>\n<meta property=\"og:title\" content=\"V\u00edtajte na str\u00e1nke ve\u013ekoobchodu s alko a nealko n\u00e1pojmi, tabakom a cigaretami MIKROS Trade s.r.o. - MIKROS TRADE s.r.o.\" \/>\n<meta property=\"og:description\" content=\"Radi uv\u00edtame v\u0161etk\u00fdch z\u00e1kazn\u00edkov z\u00a0odvetvia zaoberaj\u00facich sa predajom tovarov, ako aj koncov\u00fdch spotrebite\u013eov. Ak pl\u00e1nujete svadbu, oslavu alebo ve\u013ek\u00fa z\u00e1bavu, poskytujeme slu\u017ebu \u201e\u010do neminiete vr\u00e1tite&#8220; predaj na komis bez...\" \/>\n<meta property=\"og:url\" content=\"https:\/\/www.mikros.sk\/\" \/>\n<meta property=\"og:site_name\" content=\"MIKROS TRADE s.r.o.\" \/>\n<meta property=\"article:modified_time\" content=\"2024-03-11T18:41:27+00:00\" \/>\n<meta name=\"twitter:card\" content=\"summary_large_image\" \/>\n<meta name=\"twitter:label1\" content=\"Predpokladan\u00fd \u010das \u010d\u00edtania\" \/>\n\t<meta name=\"twitter:data1\" content=\"3 min\u00faty\" \/>\n<script type=\"application\/ld+json\" class=\"yoast-schema-graph\">{\"@context\":\"https:\/\/schema.org\",\"@graph\":[{\"@type\":\"WebPage\",\"@id\":\"https:\/\/www.mikros.sk\/\",\"url\":\"https:\/\/www.mikros.sk\/\",\"name\":\"V\u00edtajte na str\u00e1nke ve\u013ekoobchodu s alko a nealko n\u00e1pojmi, tabakom a cigaretami MIKROS Trade s.r.o. - MIKROS TRADE s.r.o.\",\"isPartOf\":{\"@id\":\"https:\/\/www.mikros.sk\/#website\"},\"datePublished\":\"2024-02-17T15:08:28+00:00\",\"dateModified\":\"2024-03-11T18:41:27+00:00\",\"breadcrumb\":{\"@id\":\"https:\/\/www.mikros.sk\/#breadcrumb\"},\"inLanguage\":\"sk-SK\",\"potentialAction\":[{\"@type\":\"ReadAction\",\"target\":[\"https:\/\/www.mikros.sk\/\"]}]},{\"@type\":\"BreadcrumbList\",\"@id\":\"https:\/\/www.mikros.sk\/#breadcrumb\",\"itemListElement\":[{\"@type\":\"ListItem\",\"position\":1,\"name\":\"Home\",\"item\":\"https:\/\/www.mikros.sk\/\"},{\"@type\":\"ListItem\",\"position\":2,\"name\":\"V\u00edtajte na str\u00e1nke ve\u013ekoobchodu s alko a nealko n\u00e1pojmi, tabakom a cigaretami MIKROS Trade s.r.o.\"}]},{\"@type\":\"WebSite\",\"@id\":\"https:\/\/www.mikros.sk\/#website\",\"url\":\"https:\/\/www.mikros.sk\/\",\"name\":\"MIKROS TRADE s.r.o.\",\"description\":\"\",\"publisher\":{\"@id\":\"https:\/\/www.mikros.sk\/#organization\"},\"potentialAction\":[{\"@type\":\"SearchAction\",\"target\":{\"@type\":\"EntryPoint\",\"urlTemplate\":\"https:\/\/www.mikros.sk\/?s={search_term_string}\"},\"query-input\":\"required name=search_term_string\"}],\"inLanguage\":\"sk-SK\"},{\"@type\":\"Organization\",\"@id\":\"https:\/\/www.mikros.sk\/#organization\",\"name\":\"MIKROS TRADE s.r.o.\",\"url\":\"https:\/\/www.mikros.sk\/\",\"logo\":{\"@type\":\"ImageObject\",\"inLanguage\":\"sk-SK\",\"@id\":\"https:\/\/www.mikros.sk\/#\/schema\/logo\/image\/\",\"url\":\"https:\/\/www.mikros.sk\/wp-content\/uploads\/2024\/02\/cropped-mikros_trade_logo.png\",\"contentUrl\":\"https:\/\/www.mikros.sk\/wp-content\/uploads\/2024\/02\/cropped-mikros_trade_logo.png\",\"width\":711,\"height\":135,\"caption\":\"MIKROS TRADE s.r.o.\"},\"image\":{\"@id\":\"https:\/\/www.mikros.sk\/#\/schema\/logo\/image\/\"}}]}<\/script>\n<!-- \/ Yoast SEO plugin. -->","yoast_head_json":{"title":"V\u00edtajte na str\u00e1nke ve\u013ekoobchodu s alko a nealko n\u00e1pojmi, tabakom a cigaretami MIKROS Trade s.r.o. - MIKROS TRADE s.r.o.","robots":{"index":"index","follow":"follow","max-snippet":"max-snippet:-1","max-image-preview":"max-image-preview:large","max-video-preview":"max-video-preview:-1"},"canonical":"https:\/\/www.mikros.sk\/","og_locale":"sk_SK","og_type":"article","og_title":"V\u00edtajte na str\u00e1nke ve\u013ekoobchodu s alko a nealko n\u00e1pojmi, tabakom a cigaretami MIKROS Trade s.r.o. - MIKROS TRADE s.r.o.","og_description":"Radi uv\u00edtame v\u0161etk\u00fdch z\u00e1kazn\u00edkov z\u00a0odvetvia zaoberaj\u00facich sa predajom tovarov, ako aj koncov\u00fdch spotrebite\u013eov. Ak pl\u00e1nujete svadbu, oslavu alebo ve\u013ek\u00fa z\u00e1bavu, poskytujeme slu\u017ebu \u201e\u010do neminiete vr\u00e1tite&#8220; predaj na komis bez...","og_url":"https:\/\/www.mikros.sk\/","og_site_name":"MIKROS TRADE s.r.o.","article_modified_time":"2024-03-11T18:41:27+00:00","twitter_card":"summary_large_image","twitter_misc":{"Predpokladan\u00fd \u010das \u010d\u00edtania":"3 min\u00faty"},"schema":{"@context":"https:\/\/schema.org","@graph":[{"@type":"WebPage","@id":"https:\/\/www.mikros.sk\/","url":"https:\/\/www.mikros.sk\/","name":"V\u00edtajte na str\u00e1nke ve\u013ekoobchodu s alko a nealko n\u00e1pojmi, tabakom a cigaretami MIKROS Trade s.r.o. - MIKROS TRADE s.r.o.","isPartOf":{"@id":"https:\/\/www.mikros.sk\/#website"},"datePublished":"2024-02-17T15:08:28+00:00","dateModified":"2024-03-11T18:41:27+00:00","breadcrumb":{"@id":"https:\/\/www.mikros.sk\/#breadcrumb"},"inLanguage":"sk-SK","potentialAction":[{"@type":"ReadAction","target":["https:\/\/www.mikros.sk\/"]}]},{"@type":"BreadcrumbList","@id":"https:\/\/www.mikros.sk\/#breadcrumb","itemListElement":[{"@type":"ListItem","position":1,"name":"Home","item":"https:\/\/www.mikros.sk\/"},{"@type":"ListItem","position":2,"name":"V\u00edtajte na str\u00e1nke ve\u013ekoobchodu s alko a nealko n\u00e1pojmi, tabakom a cigaretami MIKROS Trade s.r.o."}]},{"@type":"WebSite","@id":"https:\/\/www.mikros.sk\/#website","url":"https:\/\/www.mikros.sk\/","name":"MIKROS TRADE s.r.o.","description":"","publisher":{"@id":"https:\/\/www.mikros.sk\/#organization"},"potentialAction":[{"@type":"SearchAction","target":{"@type":"EntryPoint","urlTemplate":"https:\/\/www.mikros.sk\/?s={search_term_string}"},"query-input":"required name=search_term_string"}],"inLanguage":"sk-SK"},{"@type":"Organization","@id":"https:\/\/www.mikros.sk\/#organization","name":"MIKROS TRADE s.r.o.","url":"https:\/\/www.mikros.sk\/","logo":{"@type":"ImageObject","inLanguage":"sk-SK","@id":"https:\/\/www.mikros.sk\/#\/schema\/logo\/image\/","url":"https:\/\/www.mikros.sk\/wp-content\/uploads\/2024\/02\/cropped-mikros_trade_logo.png","contentUrl":"https:\/\/www.mikros.sk\/wp-content\/uploads\/2024\/02\/cropped-mikros_trade_logo.png","width":711,"height":135,"caption":"MIKROS TRADE s.r.o."},"image":{"@id":"https:\/\/www.mikros.sk\/#\/schema\/logo\/image\/"}}]}},"_links":{"self":[{"href":"https:\/\/www.mikros.sk\/index.php?rest_route=\/wp\/v2\/pages\/2"}],"collection":[{"href":"https:\/\/www.mikros.sk\/index.php?rest_route=\/wp\/v2\/pages"}],"about":[{"href":"https:\/\/www.mikros.sk\/index.php?rest_route=\/wp\/v2\/types\/page"}],"author":[{"embeddable":true,"href":"https:\/\/www.mikros.sk\/index.php?rest_route=\/wp\/v2\/users\/1"}],"replies":[{"embeddable":true,"href":"https:\/\/www.mikros.sk\/index.php?rest_route=%2Fwp%2Fv2%2Fcomments&post=2"}],"version-history":[{"count":6,"href":"https:\/\/www.mikros.sk\/index.php?rest_route=\/wp\/v2\/pages\/2\/revisions"}],"predecessor-version":[{"id":109,"href":"https:\/\/www.mikros.sk\/index.php?rest_route=\/wp\/v2\/pages\/2\/revisions\/109"}],"wp:attachment":[{"href":"https:\/\/www.mikros.sk\/index.php?rest_route=%2Fwp%2Fv2%2Fmedia&parent=2"}],"curies":[{"name":"wp","href":"https:\/\/api.w.org\/{rel}","templated":true}]}}